{"id":819,"date":"2024-11-05T12:39:54","date_gmt":"2024-11-05T12:39:54","guid":{"rendered":"https:\/\/www.jeannineberenbroek.nl\/?page_id=819"},"modified":"2025-03-12T19:20:59","modified_gmt":"2025-03-12T19:20:59","slug":"ueber-mich","status":"publish","type":"page","link":"https:\/\/www.jeannineberenbroek.nl\/?page_id=819","title":{"rendered":"\u00dcber mich"},"content":{"rendered":"<p>[et_pb_section fb_built=&#8220;1&#8243; admin_label=&#8220;\u00dcber mich-Sektion&#8220; _builder_version=&#8220;4.27.2&#8243; _module_preset=&#8220;default&#8220; background_image=&#8220;https:\/\/www.jeannineberenbroek.nl\/wp-content\/uploads\/2024\/11\/IMG_2993-Kopie-copy-scaled.jpg&#8220; parallax=&#8220;on&#8220; max_width=&#8220;100%&#8220; height=&#8220;100%&#8220; custom_padding=&#8220;20px||||false|false&#8220; locked=&#8220;off&#8220; collapsed=&#8220;off&#8220; global_colors_info=&#8220;{}&#8220;][et_pb_row column_structure=&#8220;2_3,1_3&#8243; admin_label=&#8220;Men\u00fc-Zeile&#8220; _builder_version=&#8220;4.27.2&#8243; _module_preset=&#8220;default&#8220; custom_padding=&#8220;0px||||false|false&#8220; global_colors_info=&#8220;{}&#8220;][et_pb_column type=&#8220;2_3&#8243; _builder_version=&#8220;4.27.2&#8243; _module_preset=&#8220;default&#8220; global_colors_info=&#8220;{}&#8220;][et_pb_menu active_link_color=&#8220;#C55F0D&#8220; dropdown_menu_bg_color=&#8220;RGBA(255,255,255,0)&#8220; dropdown_menu_line_color=&#8220;#FFFFFF&#8220; dropdown_menu_text_color=&#8220;#FFFFFF&#8220; dropdown_menu_active_link_color=&#8220;#C55F0D&#8220; mobile_menu_bg_color=&#8220;#FFFFFF&#8220; mobile_menu_text_color=&#8220;#000000&#8243; show_search_icon=&#8220;on&#8220; cart_icon_color=&#8220;RGBA(255,255,255,0)&#8220; search_icon_color=&#8220;#FFFFFF&#8220; menu_icon_color=&#8220;#FFFFFF&#8220; menu_icon_font_size=&#8220;40px&#8220; _builder_version=&#8220;4.27.2&#8243; _module_preset=&#8220;default&#8220; menu_font=&#8220;Montserrat|700|||||||&#8220; menu_text_color=&#8220;#FFFFFF&#8220; menu_font_size=&#8220;16px&#8220; background_color=&#8220;RGBA(255,255,255,0)&#8220; background_layout=&#8220;dark&#8220; global_colors_info=&#8220;{}&#8220;][\/et_pb_menu][\/et_pb_column][et_pb_column type=&#8220;1_3&#8243; _builder_version=&#8220;4.27.2&#8243; _module_preset=&#8220;default&#8220; global_colors_info=&#8220;{}&#8220;][et_pb_button button_url=&#8220;mailto:contact@jeannineberenbroek.nl&#8220; url_new_window=&#8220;on&#8220; button_text=&#8220;Kontakt&#8220; button_alignment=&#8220;right&#8220; admin_label=&#8220;Kontakt-Button&#8220; _builder_version=&#8220;4.27.4&#8243; _module_preset=&#8220;default&#8220; custom_button=&#8220;on&#8220; button_text_size=&#8220;16px&#8220; button_text_color=&#8220;#FFFFFF&#8220; button_bg_color=&#8220;RGBA(255,255,255,0)&#8220; button_border_width=&#8220;0px&#8220; button_border_color=&#8220;RGBA(255,255,255,0)&#8220; button_border_radius=&#8220;0px&#8220; button_font=&#8220;Montserrat|700|||||||&#8220; button_icon=&#8220;&#x45;||divi||400&#8243; button_icon_color=&#8220;#FFFFFF&#8220; hover_enabled=&#8220;0&#8243; global_colors_info=&#8220;{}&#8220; sticky_enabled=&#8220;0&#8243;][\/et_pb_button][\/et_pb_column][\/et_pb_row][et_pb_row _builder_version=&#8220;4.27.3&#8243; _module_preset=&#8220;default&#8220; background_color=&#8220;rgba(0,0,0,0.4)&#8220; global_colors_info=&#8220;{}&#8220;][et_pb_column type=&#8220;4_4&#8243; _builder_version=&#8220;4.27.2&#8243; _module_preset=&#8220;default&#8220; global_colors_info=&#8220;{}&#8220;][et_pb_blurb title=&#8220;Ich bin\u2026&#8220; content_max_width=&#8220;80%&#8220; _builder_version=&#8220;4.27.3&#8243; _module_preset=&#8220;default&#8220; header_font=&#8220;Amatic SC|700||on|||||&#8220; header_text_color=&#8220;#E09900&#8243; header_font_size=&#8220;36px&#8220; header_letter_spacing=&#8220;2px&#8220; body_font=&#8220;Montserrat|500|||||||&#8220; body_text_color=&#8220;#FFFFFF&#8220; body_font_size=&#8220;16px&#8220; body_line_height=&#8220;1.8em&#8220; background_color=&#8220;RGBA(255,255,255,0)&#8220; body_font_size_tablet=&#8220;16px&#8220; body_font_size_phone=&#8220;14px&#8220; body_font_size_last_edited=&#8220;on|phone&#8220; global_colors_info=&#8220;{}&#8220;]<\/p>\n<p>&nbsp;<\/p>\n<p>&nbsp;<\/p>\n<p>eine \u00c4sthetin,<br \/>eine Tr\u00e4umerin,<br \/>eine Mutter,<br \/>eine Designerin,<span class=\"Apple-converted-space\">\u00a0<\/span><\/p>\n<p>&#8230;und eine K\u00fcnstlerin.<\/p>\n<p>&nbsp;<\/p>\n<p>Eine, die sich zwischen Intuition und Vernunft bewegt,<br \/>eine, die sich zwischen Chaos und Ordnung bewegt,<span class=\"Apple-converted-space\"><br \/><\/span>eine, die sich zwischen ihrem Garten und Atelier bewegt,<span class=\"Apple-converted-space\">\u00a0<\/span><\/p>\n<p>&nbsp;<\/p>\n<p>zwischen Arbeit und Familie,<span class=\"Apple-converted-space\"><br \/><\/span>zwischen Dorf und Gro\u00dfstadt,<span class=\"Apple-converted-space\">\u00a0<\/span><\/p>\n<p>&nbsp;<\/p>\n<p>denkt und nachdenkt, entwirft und schafft&#8230;<span class=\"Apple-converted-space\">\u00a0<\/span><\/p>\n<p>&nbsp;<\/p>\n<p>In<\/p>\n<p>Design und Kunst!<\/p>\n<p>[\/et_pb_blurb][\/et_pb_column][\/et_pb_row][et_pb_row _builder_version=&#8220;4.27.3&#8243; _module_preset=&#8220;default&#8220; background_color=&#8220;rgba(0,0,0,0.4)&#8220; custom_padding=&#8220;0px||||false|false&#8220; global_colors_info=&#8220;{}&#8220;][et_pb_column type=&#8220;4_4&#8243; _builder_version=&#8220;4.27.2&#8243; _module_preset=&#8220;default&#8220; global_colors_info=&#8220;{}&#8220;][et_pb_blurb title=&#8220;\u00dcber meine Arbeit und mich&#8220; content_max_width=&#8220;80%&#8220; _builder_version=&#8220;4.27.4&#8243; _module_preset=&#8220;default&#8220; header_font=&#8220;Amatic SC|700||on|||||&#8220; header_text_color=&#8220;#E09900&#8243; header_font_size=&#8220;36px&#8220; header_letter_spacing=&#8220;2px&#8220; body_font=&#8220;Montserrat|500|||||||&#8220; body_text_color=&#8220;#FFFFFF&#8220; body_font_size=&#8220;16px&#8220; body_line_height=&#8220;1.8em&#8220; body_font_size_tablet=&#8220;16px&#8220; body_font_size_phone=&#8220;14px&#8220; body_font_size_last_edited=&#8220;on|phone&#8220; global_colors_info=&#8220;{}&#8220;]<\/p>\n<p>&nbsp;<\/p>\n<p>Bereits in jungen Jahren habe ich gemeinsam mit meiner Gro\u00dfmutter Kleider f\u00fcr meine Puppen gen\u00e4ht. Sp\u00e4ter habe ich mich \u2013 zun\u00e4chst heimlich \u2013 an der N\u00e4hmaschine meiner Mutter versucht. Sie bef\u00fcrchtete vermutlich, dass ich die Maschine besch\u00e4digen oder mich verletzen k\u00f6nnte&#8230; Umso gr\u00f6\u00dfer war jedoch der Reiz, mit ihrer N\u00e4hmaschine zu n\u00e4hen! Bereits im Alter von zw\u00f6lf Jahren wusste ich, dass ich sp\u00e4ter, wenn ich einmal gro\u00df bin, Designerin werden w\u00fcrde. Nach einigen Umwegen hatte ich mein Ziel erreicht und heute arbeite ich als \u00a0Textil- und Grafikdesignerin.<\/p>\n<p>Nach Abschluss meines Studiums an der Academie Beeldende Kunsten in Maastricht war ich viele Jahre f\u00fcr den international renommierten Designer Ulf Moritz in Amsterdam t\u00e4tig. Als Textildesignerin hatte ich sein Studio geleitet und Wohntextilien und Tapeten entworfen.<\/p>\n<p>Seit f\u00fcnf Jahren bin ich als freischaffende Designerin t\u00e4tig und habe den kreativen Prozess sowie die Verarbeitung von Materialien neu definiert. Meine Arbeitsweise erm\u00f6glicht unkonventionelle Ans\u00e4tze im Textildesign und er\u00f6ffnet neue Denkweisen zu einzigartigen, nachhaltigen und \u00e4sthetischen Endprodukten.<\/p>\n<p>Das Material spielt eine entscheidende Rolle bei der Formfindung meiner Designs. Indem ich vermeintlich unbrauchbare Textilien wiederverwerte, entstehen immer wieder neue Kreationen, die sich durch eine hohe Heterogenit\u00e4t der Zwecke auszeichnen. Die Garne und Stoffe, die ich verwende, stammen aus meiner Sammlung, die ich im Laufe meiner Karriere als Textildesignerin aufgebaut habe. Ich verarbeite sowohl aktuelle Materialien als auch ausgew\u00e4hlte Sch\u00e4tze aus den 70er und 80er Jahren.<\/p>\n<p>[\/et_pb_blurb][et_pb_icon font_icon=&#8220;&#x3a;||divi||400&#8243; icon_color=&#8220;#E09900&#8243; icon_width=&#8220;50px&#8220; url=&#8220;https:\/\/www.jeannineberenbroek.nl\/?page_id=819&#038;et_fb=1&#038;PageSpeed=off&#8220; icon_width_last_edited=&#8220;off|phone&#8220; _builder_version=&#8220;4.27.4&#8243; _module_preset=&#8220;default&#8220; custom_margin=&#8220;100px||||false|false&#8220; custom_margin_tablet=&#8220;20px||||false|false&#8220; custom_margin_phone=&#8220;20px||||false|false&#8220; custom_margin_last_edited=&#8220;on|desktop&#8220; global_colors_info=&#8220;{}&#8220;][\/et_pb_icon][\/et_pb_column][\/et_pb_row][\/et_pb_section]<\/p>\n","protected":false},"excerpt":{"rendered":"<p>&nbsp; &nbsp; eine \u00c4sthetin,eine Tr\u00e4umerin,eine Mutter,eine Designerin,\u00a0 &#8230;und eine K\u00fcnstlerin. &nbsp; Eine, die sich zwischen Intuition und Vernunft bewegt,eine, die sich zwischen Chaos und Ordnung bewegt,eine, die sich zwischen ihrem Garten und Atelier bewegt,\u00a0 &nbsp; zwischen Arbeit und Familie,zwischen Dorf und Gro\u00dfstadt,\u00a0 &nbsp; denkt und nachdenkt, entwirft und schafft&#8230;\u00a0 &nbsp; In Design und Kunst!&nbsp; Bereits [&hellip;]<\/p>\n","protected":false},"author":1,"featured_media":0,"parent":0,"menu_order":0,"comment_status":"closed","ping_status":"closed","template":"","meta":{"_et_pb_use_builder":"on","_et_pb_old_content":"","_et_gb_content_width":"","footnotes":""},"class_list":["post-819","page","type-page","status-publish","hentry"],"_links":{"self":[{"href":"https:\/\/www.jeannineberenbroek.nl\/index.php?rest_route=\/wp\/v2\/pages\/819","targetHints":{"allow":["GET"]}}],"collection":[{"href":"https:\/\/www.jeannineberenbroek.nl\/index.php?rest_route=\/wp\/v2\/pages"}],"about":[{"href":"https:\/\/www.jeannineberenbroek.nl\/index.php?rest_route=\/wp\/v2\/types\/page"}],"author":[{"embeddable":true,"href":"https:\/\/www.jeannineberenbroek.nl\/index.php?rest_route=\/wp\/v2\/users\/1"}],"replies":[{"embeddable":true,"href":"https:\/\/www.jeannineberenbroek.nl\/index.php?rest_route=%2Fwp%2Fv2%2Fcomments&post=819"}],"version-history":[{"count":15,"href":"https:\/\/www.jeannineberenbroek.nl\/index.php?rest_route=\/wp\/v2\/pages\/819\/revisions"}],"predecessor-version":[{"id":968,"href":"https:\/\/www.jeannineberenbroek.nl\/index.php?rest_route=\/wp\/v2\/pages\/819\/revisions\/968"}],"wp:attachment":[{"href":"https:\/\/www.jeannineberenbroek.nl\/index.php?rest_route=%2Fwp%2Fv2%2Fmedia&parent=819"}],"curies":[{"name":"wp","href":"https:\/\/api.w.org\/{rel}","templated":true}]}}