{"id":44,"date":"2021-05-02T10:01:17","date_gmt":"2021-05-02T10:01:17","guid":{"rendered":"https:\/\/www.berenbroek.de\/?page_id=44"},"modified":"2025-08-20T18:41:00","modified_gmt":"2025-08-20T18:41:00","slug":"home","status":"publish","type":"page","link":"https:\/\/www.jeannineberenbroek.nl\/","title":{"rendered":"Home"},"content":{"rendered":"<p>[et_pb_section fb_built=&#8220;1&#8243; _builder_version=&#8220;4.27.2&#8243; _module_preset=&#8220;default&#8220; background_image=&#8220;https:\/\/www.jeannineberenbroek.nl\/wp-content\/uploads\/2024\/11\/IMG_2915-Kopie-scaled.jpg&#8220; custom_padding=&#8220;20px||100px||false|false&#8220; background_last_edited=&#8220;off|desktop&#8220; global_colors_info=&#8220;{}&#8220;][et_pb_row column_structure=&#8220;2_3,1_3&#8243; _builder_version=&#8220;4.27.2&#8243; _module_preset=&#8220;default&#8220; custom_padding=&#8220;0px||0px||false|false&#8220; global_colors_info=&#8220;{}&#8220;][et_pb_column type=&#8220;2_3&#8243; _builder_version=&#8220;4.27.2&#8243; _module_preset=&#8220;default&#8220; global_colors_info=&#8220;{}&#8220;][et_pb_menu active_link_color=&#8220;#C55F0D&#8220; dropdown_menu_bg_color=&#8220;RGBA(255,255,255,0)&#8220; dropdown_menu_line_color=&#8220;#FFFFFF&#8220; dropdown_menu_text_color=&#8220;#FFFFFF&#8220; dropdown_menu_active_link_color=&#8220;#C55F0D&#8220; mobile_menu_bg_color=&#8220;#FFFFFF&#8220; mobile_menu_text_color=&#8220;#000000&#8243; show_search_icon=&#8220;on&#8220; cart_icon_color=&#8220;RGBA(255,255,255,0)&#8220; search_icon_color=&#8220;#FFFFFF&#8220; menu_icon_color=&#8220;#FFFFFF&#8220; menu_icon_font_size=&#8220;40px&#8220; _builder_version=&#8220;4.27.2&#8243; _module_preset=&#8220;default&#8220; menu_font=&#8220;Montserrat|700|||||||&#8220; menu_text_color=&#8220;#FFFFFF&#8220; menu_font_size=&#8220;16px&#8220; background_color=&#8220;RGBA(255,255,255,0)&#8220; background_layout=&#8220;dark&#8220; global_colors_info=&#8220;{}&#8220;][\/et_pb_menu][\/et_pb_column][et_pb_column type=&#8220;1_3&#8243; _builder_version=&#8220;4.27.2&#8243; _module_preset=&#8220;default&#8220; global_colors_info=&#8220;{}&#8220;][et_pb_button button_url=&#8220;mailto:contact@jeannineberenbroek.nl&#8220; url_new_window=&#8220;on&#8220; button_text=&#8220;Kontakt&#8220; button_alignment=&#8220;right&#8220; admin_label=&#8220;Kontakt-Button&#8220; _builder_version=&#8220;4.27.4&#8243; _module_preset=&#8220;default&#8220; custom_button=&#8220;on&#8220; button_text_size=&#8220;16px&#8220; button_text_color=&#8220;#FFFFFF&#8220; button_bg_color=&#8220;RGBA(255,255,255,0)&#8220; button_border_width=&#8220;0px&#8220; button_border_color=&#8220;RGBA(255,255,255,0)&#8220; button_border_radius=&#8220;0px&#8220; button_font=&#8220;Montserrat|700|||||||&#8220; button_icon=&#8220;&#x45;||divi||400&#8243; button_icon_color=&#8220;#FFFFFF&#8220; global_colors_info=&#8220;{}&#8220;][\/et_pb_button][\/et_pb_column][\/et_pb_row][et_pb_row _builder_version=&#8220;4.27.2&#8243; _module_preset=&#8220;default&#8220; collapsed=&#8220;off&#8220; global_colors_info=&#8220;{}&#8220;][et_pb_column type=&#8220;4_4&#8243; _builder_version=&#8220;4.27.2&#8243; _module_preset=&#8220;default&#8220; global_colors_info=&#8220;{}&#8220;][et_pb_image src=&#8220;https:\/\/www.jeannineberenbroek.nl\/wp-content\/uploads\/2024\/11\/JB_logo_weiss.png&#8220; title_text=&#8220;JB_logo_wei\u00df&#8220; show_bottom_space=&#8220;off&#8220; align=&#8220;center&#8220; admin_label=&#8220;Logo&#8220; _builder_version=&#8220;4.27.3&#8243; _module_preset=&#8220;default&#8220; width=&#8220;60%&#8220; width_tablet=&#8220;60%&#8220; width_phone=&#8220;100%&#8220; width_last_edited=&#8220;on|phone&#8220; module_alignment=&#8220;center&#8220; global_colors_info=&#8220;{}&#8220;][\/et_pb_image][\/et_pb_column][\/et_pb_row][et_pb_row make_equal=&#8220;on&#8220; custom_padding_last_edited=&#8220;on|phone&#8220; _builder_version=&#8220;4.27.2&#8243; _module_preset=&#8220;default&#8220; module_alignment=&#8220;center&#8220; height=&#8220;100px&#8220; custom_padding=&#8220;||0px||false|false&#8220; custom_padding_tablet=&#8220;||0px||false|false&#8220; custom_padding_phone=&#8220;||||false|false&#8220; collapsed=&#8220;off&#8220; global_colors_info=&#8220;{}&#8220;][et_pb_column type=&#8220;4_4&#8243; _builder_version=&#8220;4.27.2&#8243; _module_preset=&#8220;default&#8220; global_colors_info=&#8220;{}&#8220;][et_pb_icon font_icon=&#8220;&#x3b;||divi||400&#8243; icon_color=&#8220;#FFFFFF&#8220; icon_width=&#8220;50px&#8220; disabled_on=&#8220;on|on|off&#8220; _builder_version=&#8220;4.27.2&#8243; _module_preset=&#8220;default&#8220; animation_style=&#8220;bounce&#8220; animation_starting_opacity=&#8220;10%&#8220; global_colors_info=&#8220;{}&#8220;][\/et_pb_icon][\/et_pb_column][\/et_pb_row][\/et_pb_section][et_pb_section fb_built=&#8220;1&#8243; custom_padding_last_edited=&#8220;on|tablet&#8220; _builder_version=&#8220;4.27.2&#8243; _module_preset=&#8220;default&#8220; custom_padding=&#8220;||50px||false|false&#8220; custom_padding_tablet=&#8220;||10px||false|false&#8220; custom_padding_phone=&#8220;||10px||false|false&#8220; global_colors_info=&#8220;{}&#8220;][et_pb_row _builder_version=&#8220;4.27.2&#8243; _module_preset=&#8220;default&#8220; background_color=&#8220;RGBA(255,255,255,0)&#8220; custom_padding=&#8220;0px||0px||false|false&#8220; global_colors_info=&#8220;{}&#8220;][et_pb_column type=&#8220;4_4&#8243; _builder_version=&#8220;4.27.2&#8243; _module_preset=&#8220;default&#8220; global_colors_info=&#8220;{}&#8220;][et_pb_blurb url=&#8220;https:\/\/www.jeannineberenbroek.nl\/?page_id=819&#8243; image_icon_width=&#8220;75%&#8220; content_max_width=&#8220;80%&#8220; _builder_version=&#8220;4.27.3&#8243; _module_preset=&#8220;default&#8220; header_font=&#8220;Amatic SC|700||on|||||&#8220; header_text_color=&#8220;#E09900&#8243; header_font_size=&#8220;36px&#8220; header_letter_spacing=&#8220;2px&#8220; body_font=&#8220;Montserrat|&#8211;et_global_body_font_weight|||||||&#8220; body_text_color=&#8220;#000000&#8243; body_font_size=&#8220;16px&#8220; body_line_height=&#8220;1.8em&#8220; text_orientation=&#8220;center&#8220; child_mix_blend_mode=&#8220;lighten&#8220; link_option_url=&#8220;https:\/\/www.jeannineberenbroek.nl\/?page_id=819&#8243; body_font_size_tablet=&#8220;16px&#8220; body_font_size_phone=&#8220;14px&#8220; body_font_size_last_edited=&#8220;on|phone&#8220; global_colors_info=&#8220;{}&#8220;]<\/p>\n<p>Als Designerin bewege ich mich zwischen Textilkunst, Handwerk und produktorientiertem Entwerfen. Ich tauche in meine Arbeit ein, indem ich aus meinen Gedanken und Erfahrungen sch\u00f6pfe, Materialien wie Stoffe und Wolle (weiter)verarbeite und viele Ideen mit digitalen Techniken zu einem Werk verwebe&#8230;<br \/><span style=\"color: #ff6600;\">[weiter lesen]<\/span><\/p>\n<p>[\/et_pb_blurb][\/et_pb_column][\/et_pb_row][\/et_pb_section][et_pb_section fb_built=&#8220;1&#8243; _builder_version=&#8220;4.27.2&#8243; _module_preset=&#8220;default&#8220; custom_padding=&#8220;0px||||false|false&#8220; global_colors_info=&#8220;{}&#8220;][et_pb_row column_structure=&#8220;1_2,1_2&#8243; use_custom_gutter=&#8220;on&#8220; gutter_width=&#8220;4&#8243; _builder_version=&#8220;4.27.2&#8243; _module_preset=&#8220;default&#8220; width=&#8220;100%&#8220; module_alignment=&#8220;center&#8220; custom_padding=&#8220;0px||0px||false|false&#8220; global_colors_info=&#8220;{}&#8220;][et_pb_column type=&#8220;1_2&#8243; _builder_version=&#8220;4.27.2&#8243; _module_preset=&#8220;default&#8220; global_colors_info=&#8220;{}&#8220;][et_pb_blurb title=&#8220;Textil&#8220; _builder_version=&#8220;4.27.2&#8243; _module_preset=&#8220;default&#8220; header_font=&#8220;Amatic SC|700||on|||||&#8220; header_text_align=&#8220;center&#8220; header_text_color=&#8220;#C55F0D&#8220; header_font_size=&#8220;36px&#8220; header_letter_spacing=&#8220;3px&#8220; custom_margin=&#8220;50px||10px||false|false&#8220; global_colors_info=&#8220;{}&#8220;][\/et_pb_blurb][et_pb_gallery gallery_ids=&#8220;856,426,858,893,857,740,700,739,957,983&#8243; fullwidth=&#8220;on&#8220; _builder_version=&#8220;4.27.4&#8243; _module_preset=&#8220;default&#8220; max_width=&#8220;75%&#8220; module_alignment=&#8220;center&#8220; global_colors_info=&#8220;{}&#8220;][\/et_pb_gallery][\/et_pb_column][et_pb_column type=&#8220;1_2&#8243; _builder_version=&#8220;4.27.2&#8243; _module_preset=&#8220;default&#8220; global_colors_info=&#8220;{}&#8220;][et_pb_blurb title=&#8220;Grafik&#8220; _builder_version=&#8220;4.27.2&#8243; _module_preset=&#8220;default&#8220; header_font=&#8220;Amatic SC|700||on|||||&#8220; header_text_align=&#8220;center&#8220; header_text_color=&#8220;#C55F0D&#8220; header_font_size=&#8220;36px&#8220; header_letter_spacing=&#8220;3px&#8220; custom_margin=&#8220;50px||10px||false|false&#8220; global_colors_info=&#8220;{}&#8220;][\/et_pb_blurb][et_pb_gallery gallery_ids=&#8220;946,953,23,941,950,987,994&#8243; fullwidth=&#8220;on&#8220; _builder_version=&#8220;4.27.4&#8243; _module_preset=&#8220;default&#8220; max_width=&#8220;75%&#8220; module_alignment=&#8220;center&#8220; custom_margin=&#8220;||||false|false&#8220; custom_padding=&#8220;||0px||false|false&#8220; hover_enabled=&#8220;0&#8243; global_colors_info=&#8220;{}&#8220; sticky_enabled=&#8220;0&#8243;][\/et_pb_gallery][\/et_pb_column][\/et_pb_row][\/et_pb_section][et_pb_section fb_built=&#8220;1&#8243; admin_label=&#8220;Kontakt-Sektion&#8220; _builder_version=&#8220;4.27.2&#8243; _module_preset=&#8220;default&#8220; background_image=&#8220;https:\/\/www.jeannineberenbroek.nl\/wp-content\/uploads\/2024\/11\/HIntergrund2-scaled.jpg&#8220; collapsed=&#8220;on&#8220; global_colors_info=&#8220;{}&#8220;][et_pb_row _builder_version=&#8220;4.27.2&#8243; _module_preset=&#8220;default&#8220; background_color=&#8220;rgba(0,0,0,0.3)&#8220; collapsed=&#8220;off&#8220; global_colors_info=&#8220;{}&#8220;][et_pb_column type=&#8220;4_4&#8243; _builder_version=&#8220;4.27.2&#8243; _module_preset=&#8220;default&#8220; global_colors_info=&#8220;{}&#8220;][et_pb_blurb title=&#8220;Kontakt&#8220; image_icon_width=&#8220;75%&#8220; _builder_version=&#8220;4.27.2&#8243; _module_preset=&#8220;default&#8220; header_font=&#8220;Amatic SC|700||on|||||&#8220; header_text_color=&#8220;#FFFFFF&#8220; header_font_size=&#8220;36px&#8220; header_letter_spacing=&#8220;2px&#8220; text_orientation=&#8220;center&#8220; custom_padding=&#8220;||20px||false|false&#8220; child_mix_blend_mode=&#8220;lighten&#8220; global_colors_info=&#8220;{}&#8220;][\/et_pb_blurb][et_pb_divider color=&#8220;#C55F0D&#8220; divider_weight=&#8220;2px&#8220; _builder_version=&#8220;4.27.2&#8243; _module_preset=&#8220;default&#8220; width=&#8220;25%&#8220; module_alignment=&#8220;center&#8220; global_colors_info=&#8220;{}&#8220;][\/et_pb_divider][et_pb_blurb image_icon_width=&#8220;75%&#8220; _builder_version=&#8220;4.27.4&#8243; _module_preset=&#8220;default&#8220; header_font=&#8220;Amatic SC|700||on|||||&#8220; header_text_color=&#8220;#E09900&#8243; header_font_size=&#8220;36px&#8220; header_letter_spacing=&#8220;2px&#8220; body_font=&#8220;Montserrat|500|||||||&#8220; body_text_align=&#8220;center&#8220; body_text_color=&#8220;#FFFFFF&#8220; body_font_size=&#8220;16px&#8220; text_orientation=&#8220;center&#8220; custom_padding=&#8220;20px||20px||false|false&#8220; child_mix_blend_mode=&#8220;lighten&#8220; global_colors_info=&#8220;{}&#8220;]<\/p>\n<p>Meine Dienstleistungen: Konzeptuelles Erarbeiten einer Idee, Produktionsmanagment, Grafikdesign und individuelle Gestaltung.<\/p>\n<p>Mein Ziel ist die Entwicklung einzigartiger und nachhaltiger Designs, die sowohl visuell ansprechend als auch funktionell sind.<\/p>\n<p>F\u00fcr Anfragen und au\u00dfergew\u00f6hnliche Projektideen im Textil &#8211; und Grafikbereich erreichen Sie mich unter:<\/p>\n<p>[\/et_pb_blurb][et_pb_button button_url=&#8220;mailto:contact@jeannineberenbroek.nl&#8220; url_new_window=&#8220;on&#8220; button_text=&#8220;E-Mail&#8220; button_alignment=&#8220;center&#8220; _builder_version=&#8220;4.27.4&#8243; _module_preset=&#8220;default&#8220; custom_button=&#8220;on&#8220; button_text_size=&#8220;18px&#8220; button_text_color=&#8220;#FFFFFF&#8220; button_bg_color=&#8220;RGBA(255,255,255,0)&#8220; button_border_width=&#8220;2px&#8220; button_border_color=&#8220;#C55F0D&#8220; button_border_radius=&#8220;100px&#8220; button_font=&#8220;Montserrat||||||||&#8220; button_icon=&#8220;&#x45;||divi||400&#8243; button_icon_color=&#8220;#000000&#8243; custom_margin=&#8220;20px||||false|false&#8220; custom_padding=&#8220;30px||30px||false|false&#8220; global_colors_info=&#8220;{}&#8220;][\/et_pb_button][\/et_pb_column][\/et_pb_row][\/et_pb_section][et_pb_section fb_built=&#8220;1&#8243; admin_label=&#8220;Fu\u00dfzeileSektion&#8220; _builder_version=&#8220;4.27.2&#8243; _module_preset=&#8220;default&#8220; background_color=&#8220;RGBA(255,255,255,0)&#8220; background_enable_image=&#8220;off&#8220; custom_padding=&#8220;100px||100px||false|false&#8220; collapsed=&#8220;on&#8220; global_colors_info=&#8220;{}&#8220;][et_pb_row column_structure=&#8220;1_2,1_2&#8243; _builder_version=&#8220;4.27.2&#8243; _module_preset=&#8220;default&#8220; custom_padding=&#8220;0px||0px||false|false&#8220; global_colors_info=&#8220;{}&#8220;][et_pb_column type=&#8220;1_2&#8243; _builder_version=&#8220;4.27.2&#8243; _module_preset=&#8220;default&#8220; global_colors_info=&#8220;{}&#8220;][et_pb_button button_url=&#8220;https:\/\/www.jeannineberenbroek.nl\/?page_id=357&#8243; url_new_window=&#8220;on&#8220; button_text=&#8220;Datenschutzerkl\u00e4rung&#8220; button_alignment=&#8220;left&#8220; button_alignment_tablet=&#8220;left&#8220; button_alignment_phone=&#8220;center&#8220; button_alignment_last_edited=&#8220;on|phone&#8220; admin_label=&#8220;PrivacyPolicy-Button&#8220; _builder_version=&#8220;4.27.2&#8243; _module_preset=&#8220;default&#8220; custom_button=&#8220;on&#8220; button_text_size=&#8220;14px&#8220; button_text_color=&#8220;#000000&#8243; button_bg_color=&#8220;RGBA(255,255,255,0)&#8220; button_border_width=&#8220;0px&#8220; button_border_color=&#8220;RGBA(255,255,255,0)&#8220; button_border_radius=&#8220;0px&#8220; button_font=&#8220;Montserrat|500|||||||&#8220; button_icon=&#8220;&#x45;||divi||400&#8243; button_icon_color=&#8220;#FFFFFF&#8220; global_colors_info=&#8220;{}&#8220;][\/et_pb_button][et_pb_button button_url=&#8220;https:\/\/www.jeannineberenbroek.nl\/?page_id=265&#8243; url_new_window=&#8220;on&#8220; button_text=&#8220;Impressum&#8220; button_alignment=&#8220;left&#8220; button_alignment_tablet=&#8220;left&#8220; button_alignment_phone=&#8220;center&#8220; button_alignment_last_edited=&#8220;on|phone&#8220; admin_label=&#8220;Impressum-Button&#8220; _builder_version=&#8220;4.27.2&#8243; _module_preset=&#8220;default&#8220; custom_button=&#8220;on&#8220; button_text_size=&#8220;14px&#8220; button_text_color=&#8220;#000000&#8243; button_bg_color=&#8220;RGBA(255,255,255,0)&#8220; button_border_width=&#8220;0px&#8220; button_border_color=&#8220;RGBA(255,255,255,0)&#8220; button_border_radius=&#8220;0px&#8220; button_font=&#8220;Montserrat|500|||||||&#8220; button_icon=&#8220;&#x45;||divi||400&#8243; button_icon_color=&#8220;#FFFFFF&#8220; global_colors_info=&#8220;{}&#8220;][\/et_pb_button][\/et_pb_column][et_pb_column type=&#8220;1_2&#8243; _builder_version=&#8220;4.27.2&#8243; _module_preset=&#8220;default&#8220; global_colors_info=&#8220;{}&#8220;][et_pb_button button_url=&#8220;mailto:contact@jeannineberenbroek.nl&#8220; url_new_window=&#8220;on&#8220; button_text=&#8220;Kontakt&#8220; button_alignment=&#8220;right&#8220; button_alignment_tablet=&#8220;right&#8220; button_alignment_phone=&#8220;center&#8220; button_alignment_last_edited=&#8220;on|phone&#8220; admin_label=&#8220;Kontakt-Button&#8220; _builder_version=&#8220;4.27.4&#8243; _module_preset=&#8220;default&#8220; custom_button=&#8220;on&#8220; button_text_size=&#8220;14px&#8220; button_text_color=&#8220;#000000&#8243; button_bg_color=&#8220;RGBA(255,255,255,0)&#8220; button_border_width=&#8220;0px&#8220; button_border_color=&#8220;RGBA(255,255,255,0)&#8220; button_border_radius=&#8220;0px&#8220; button_font=&#8220;Montserrat|500|||||||&#8220; button_icon=&#8220;&#x45;||divi||400&#8243; button_icon_color=&#8220;#FFFFFF&#8220; global_colors_info=&#8220;{}&#8220;][\/et_pb_button][et_pb_button button_url=&#8220;mailto:contact@jeannineberenbroek.nl&#8220; url_new_window=&#8220;on&#8220; button_text=&#8220;Grafik: Jeannine Berenbroek&#8220; button_alignment=&#8220;right&#8220; button_alignment_tablet=&#8220;right&#8220; button_alignment_phone=&#8220;center&#8220; button_alignment_last_edited=&#8220;on|phone&#8220; admin_label=&#8220;webdesign&#8220; _builder_version=&#8220;4.27.4&#8243; _module_preset=&#8220;default&#8220; custom_button=&#8220;on&#8220; button_text_size=&#8220;14px&#8220; button_text_color=&#8220;#000000&#8243; button_bg_color=&#8220;RGBA(255,255,255,0)&#8220; button_border_width=&#8220;0px&#8220; button_border_color=&#8220;RGBA(255,255,255,0)&#8220; button_border_radius=&#8220;0px&#8220; button_font=&#8220;Montserrat|500|||||||&#8220; button_icon=&#8220;&#x45;||divi||400&#8243; button_icon_color=&#8220;#FFFFFF&#8220; global_colors_info=&#8220;{}&#8220;][\/et_pb_button][\/et_pb_column][\/et_pb_row][\/et_pb_section]<\/p>\n","protected":false},"excerpt":{"rendered":"<p>Als Designerin bewege ich mich zwischen Textilkunst, Handwerk und produktorientiertem Entwerfen. Ich tauche in meine Arbeit ein, indem ich aus meinen Gedanken und Erfahrungen sch\u00f6pfe, Materialien wie Stoffe und Wolle (weiter)verarbeite und viele Ideen mit digitalen Techniken zu einem Werk verwebe&#8230;[weiter lesen]Meine Dienstleistungen: Konzeptuelles Erarbeiten einer Idee, Produktionsmanagment, Grafikdesign und individuelle Gestaltung. Mein Ziel ist [&hellip;]<\/p>\n","protected":false},"author":1,"featured_media":0,"parent":0,"menu_order":0,"comment_status":"closed","ping_status":"closed","template":"","meta":{"_et_pb_use_builder":"on","_et_pb_old_content":"","_et_gb_content_width":"","footnotes":""},"class_list":["post-44","page","type-page","status-publish","hentry"],"_links":{"self":[{"href":"https:\/\/www.jeannineberenbroek.nl\/index.php?rest_route=\/wp\/v2\/pages\/44","targetHints":{"allow":["GET"]}}],"collection":[{"href":"https:\/\/www.jeannineberenbroek.nl\/index.php?rest_route=\/wp\/v2\/pages"}],"about":[{"href":"https:\/\/www.jeannineberenbroek.nl\/index.php?rest_route=\/wp\/v2\/types\/page"}],"author":[{"embeddable":true,"href":"https:\/\/www.jeannineberenbroek.nl\/index.php?rest_route=\/wp\/v2\/users\/1"}],"replies":[{"embeddable":true,"href":"https:\/\/www.jeannineberenbroek.nl\/index.php?rest_route=%2Fwp%2Fv2%2Fcomments&post=44"}],"version-history":[{"count":128,"href":"https:\/\/www.jeannineberenbroek.nl\/index.php?rest_route=\/wp\/v2\/pages\/44\/revisions"}],"predecessor-version":[{"id":995,"href":"https:\/\/www.jeannineberenbroek.nl\/index.php?rest_route=\/wp\/v2\/pages\/44\/revisions\/995"}],"wp:attachment":[{"href":"https:\/\/www.jeannineberenbroek.nl\/index.php?rest_route=%2Fwp%2Fv2%2Fmedia&parent=44"}],"curies":[{"name":"wp","href":"https:\/\/api.w.org\/{rel}","templated":true}]}}